{"id":3083,"date":"2025-03-11T21:37:11","date_gmt":"2025-03-11T20:37:11","guid":{"rendered":"https:\/\/jobspot.agency\/?page_id=3083"},"modified":"2025-09-09T10:54:56","modified_gmt":"2025-09-09T08:54:56","slug":"servicios-de-limpieza-para-empresas","status":"publish","type":"page","link":"https:\/\/jobspot.agency\/es\/servicios-de-limpieza-para-empresas\/","title":{"rendered":"Servicios profesionales de limpieza para la industria y las oficinas"},"content":{"rendered":"<div data-elementor-type=\"wp-page\" data-elementor-id=\"3083\" class=\"elementor elementor-3083\" data-elementor-post-type=\"page\">\n\t\t\t\t<div class=\"has_eae_slider elementor-element elementor-element-9583f7e e-flex e-con-boxed e-con e-parent\" data-eae-slider=\"48869\" data-id=\"9583f7e\" data-element_type=\"container\">\n\t\t\t\t\t<div class=\"e-con-inner\">\n\t\t<div class=\"has_eae_slider elementor-element elementor-element-74a94d7 e-con-full e-flex e-con e-child\" data-eae-slider=\"60270\" data-id=\"74a94d7\" data-element_type=\"container\">\n\t\t\t\t<div class=\"elementor-element elementor-element-e48fd07 elementor-widget elementor-widget-image\" data-id=\"e48fd07\" data-element_type=\"widget\" data-widget_type=\"image.default\">\n\t\t\t\t<div class=\"elementor-widget-container\">\n\t\t\t\t\t\t\t\t\t\t\t\t\t\t\t<img fetchpriority=\"high\" decoding=\"async\" width=\"1024\" height=\"1024\" src=\"https:\/\/jobspot.agency\/wp-content\/uploads\/2025\/03\/Projekt-bez-nazwy6-1024x1024.png\" class=\"attachment-large size-large wp-image-3086\" alt=\"Un equipo profesional que presta servicios de limpieza en oficinas y plantas industriales.\" srcset=\"https:\/\/jobspot.agency\/wp-content\/uploads\/2025\/03\/Projekt-bez-nazwy6-1024x1024.png 1024w, https:\/\/jobspot.agency\/wp-content\/uploads\/2025\/03\/Projekt-bez-nazwy6-300x300.png 300w, https:\/\/jobspot.agency\/wp-content\/uploads\/2025\/03\/Projekt-bez-nazwy6-150x150.png 150w, https:\/\/jobspot.agency\/wp-content\/uploads\/2025\/03\/Projekt-bez-nazwy6-768x768.png 768w, https:\/\/jobspot.agency\/wp-content\/uploads\/2025\/03\/Projekt-bez-nazwy6-1536x1536.png 1536w, https:\/\/jobspot.agency\/wp-content\/uploads\/2025\/03\/Projekt-bez-nazwy6-12x12.png 12w, https:\/\/jobspot.agency\/wp-content\/uploads\/2025\/03\/Projekt-bez-nazwy6.png 1875w\" sizes=\"(max-width: 1024px) 100vw, 1024px\" \/>\t\t\t\t\t\t\t\t\t\t\t\t\t\t\t<\/div>\n\t\t\t\t<\/div>\n\t\t\t\t<\/div>\n\t\t<div class=\"has_eae_slider elementor-element elementor-element-5189993 e-con-full e-flex e-con e-child\" data-eae-slider=\"2077\" data-id=\"5189993\" data-element_type=\"container\">\n\t\t\t\t<div class=\"elementor-element elementor-element-d16a3d8 elementor-widget-divider--view-line elementor-widget elementor-widget-divider\" data-id=\"d16a3d8\" data-element_type=\"widget\" data-widget_type=\"divider.default\">\n\t\t\t\t<div class=\"elementor-widget-container\">\n\t\t\t\t\t\t\t<div class=\"elementor-divider\">\n\t\t\t<span class=\"elementor-divider-separator\">\n\t\t\t\t\t\t<\/span>\n\t\t<\/div>\n\t\t\t\t\t\t<\/div>\n\t\t\t\t<\/div>\n\t\t\t\t<div class=\"elementor-element elementor-element-7522f70 elementor-widget-divider--view-line elementor-widget elementor-widget-divider\" data-id=\"7522f70\" data-element_type=\"widget\" data-widget_type=\"divider.default\">\n\t\t\t\t<div class=\"elementor-widget-container\">\n\t\t\t\t\t\t\t<div class=\"elementor-divider\">\n\t\t\t<span class=\"elementor-divider-separator\">\n\t\t\t\t\t\t<\/span>\n\t\t<\/div>\n\t\t\t\t\t\t<\/div>\n\t\t\t\t<\/div>\n\t\t\t\t<div class=\"elementor-element elementor-element-9a0f732 elementor-widget elementor-widget-heading\" data-id=\"9a0f732\" data-element_type=\"widget\" data-widget_type=\"heading.default\">\n\t\t\t\t<div class=\"elementor-widget-container\">\n\t\t\t\t\t<h1 class=\"elementor-heading-title elementor-size-default\">\nServicios profesionales de limpieza para la industria y las oficinas<\/h1>\t\t\t\t<\/div>\n\t\t\t\t<\/div>\n\t\t\t\t<div class=\"elementor-element elementor-element-f4b0a07 elementor-widget elementor-widget-text-editor\" data-id=\"f4b0a07\" data-element_type=\"widget\" data-widget_type=\"text-editor.default\">\n\t\t\t\t<div class=\"elementor-widget-container\">\n\t\t\t\t\t\t\t\t\t<p>Nuestra empresa est\u00e1 especializada en <b>servicios profesionales de limpieza para la industria y las oficinas<\/b>. Proporcionamos una limpieza integral, utilizando tecnolog\u00edas modernas, personal formado y productos de limpieza especializados. Garantizamos los m\u00e1s altos est\u00e1ndares de higiene, adaptados a las especificidades de los espacios tanto industriales como de oficinas.<\/p>\t\t\t\t\t\t\t\t<\/div>\n\t\t\t\t<\/div>\n\t\t\t\t<\/div>\n\t\t\t\t\t<\/div>\n\t\t\t\t<\/div>\n\t\t<div class=\"has_eae_slider elementor-element elementor-element-2859ab7 e-flex e-con-boxed e-con e-parent\" data-eae-slider=\"71478\" data-id=\"2859ab7\" data-element_type=\"container\">\n\t\t\t\t\t<div class=\"e-con-inner\">\n\t\t\t\t<div class=\"elementor-element elementor-element-aea84da elementor-widget elementor-widget-heading\" data-id=\"aea84da\" data-element_type=\"widget\" data-widget_type=\"heading.default\">\n\t\t\t\t<div class=\"elementor-widget-container\">\n\t\t\t\t\t<h2 class=\"elementor-heading-title elementor-size-default\">Servicios integrales de limpieza para empresas:<\/h2>\t\t\t\t<\/div>\n\t\t\t\t<\/div>\n\t\t\t\t\t<\/div>\n\t\t\t\t<\/div>\n\t\t<div class=\"has_eae_slider elementor-element elementor-element-d27e641 e-flex e-con-boxed e-con e-parent\" data-eae-slider=\"83136\" data-id=\"d27e641\" data-element_type=\"container\">\n\t\t\t\t\t<div class=\"e-con-inner\">\n\t\t<div class=\"has_eae_slider elementor-element elementor-element-0b771a7 e-con-full e-flex e-con e-child\" data-eae-slider=\"12160\" data-id=\"0b771a7\" data-element_type=\"container\">\n\t\t\t\t<div class=\"elementor-element elementor-element-414ecdd elementor-view-default elementor-widget elementor-widget-icon\" data-id=\"414ecdd\" data-element_type=\"widget\" data-widget_type=\"icon.default\">\n\t\t\t\t<div class=\"elementor-widget-container\">\n\t\t\t\t\t\t\t<div class=\"elementor-icon-wrapper\">\n\t\t\t<div class=\"elementor-icon\">\n\t\t\t<i aria-hidden=\"true\" class=\"fas fa-soap\"><\/i>\t\t\t<\/div>\n\t\t<\/div>\n\t\t\t\t\t\t<\/div>\n\t\t\t\t<\/div>\n\t\t\t\t<div class=\"elementor-element elementor-element-1045d84 elementor-widget elementor-widget-text-editor\" data-id=\"1045d84\" data-element_type=\"widget\" data-widget_type=\"text-editor.default\">\n\t\t\t\t<div class=\"elementor-widget-container\">\n\t\t\t\t\t\t\t\t\t<p style=\"text-align: center;\">Limpieza diaria y peri\u00f3dica de las naves de producci\u00f3n<\/p>\t\t\t\t\t\t\t\t<\/div>\n\t\t\t\t<\/div>\n\t\t\t\t<\/div>\n\t\t<div class=\"has_eae_slider elementor-element elementor-element-28feeac e-con-full e-flex e-con e-child\" data-eae-slider=\"31354\" data-id=\"28feeac\" data-element_type=\"container\">\n\t\t\t\t<div class=\"elementor-element elementor-element-d5050a7 elementor-view-default elementor-widget elementor-widget-icon\" data-id=\"d5050a7\" data-element_type=\"widget\" data-widget_type=\"icon.default\">\n\t\t\t\t<div class=\"elementor-widget-container\">\n\t\t\t\t\t\t\t<div class=\"elementor-icon-wrapper\">\n\t\t\t<div class=\"elementor-icon\">\n\t\t\t<i aria-hidden=\"true\" class=\"fas fa-trash-alt\"><\/i>\t\t\t<\/div>\n\t\t<\/div>\n\t\t\t\t\t\t<\/div>\n\t\t\t\t<\/div>\n\t\t\t\t<div class=\"elementor-element elementor-element-dd76b80 elementor-widget elementor-widget-text-editor\" data-id=\"dd76b80\" data-element_type=\"widget\" data-widget_type=\"text-editor.default\">\n\t\t\t\t<div class=\"elementor-widget-container\">\n\t\t\t\t\t\t\t\t\t<p style=\"text-align: center;\">Eliminaci\u00f3n profesional de la contaminaci\u00f3n industrial y los residuos de producci\u00f3n<\/p>\t\t\t\t\t\t\t\t<\/div>\n\t\t\t\t<\/div>\n\t\t\t\t<\/div>\n\t\t<div class=\"has_eae_slider elementor-element elementor-element-55c23d8 e-con-full e-flex e-con e-child\" data-eae-slider=\"37928\" data-id=\"55c23d8\" data-element_type=\"container\">\n\t\t\t\t<div class=\"elementor-element elementor-element-9893488 elementor-view-default elementor-widget elementor-widget-icon\" data-id=\"9893488\" data-element_type=\"widget\" data-widget_type=\"icon.default\">\n\t\t\t\t<div class=\"elementor-widget-container\">\n\t\t\t\t\t\t\t<div class=\"elementor-icon-wrapper\">\n\t\t\t<div class=\"elementor-icon\">\n\t\t\t<i aria-hidden=\"true\" class=\"fas fa-building\"><\/i>\t\t\t<\/div>\n\t\t<\/div>\n\t\t\t\t\t\t<\/div>\n\t\t\t\t<\/div>\n\t\t\t\t<div class=\"elementor-element elementor-element-ae5b2c8 elementor-widget elementor-widget-text-editor\" data-id=\"ae5b2c8\" data-element_type=\"widget\" data-widget_type=\"text-editor.default\">\n\t\t\t\t<div class=\"elementor-widget-container\">\n\t\t\t\t\t\t\t\t\t<p style=\"text-align: center;\">Limpieza de oficinas, \u00e1reas sanitarias y sociales<\/p>\t\t\t\t\t\t\t\t<\/div>\n\t\t\t\t<\/div>\n\t\t\t\t<\/div>\n\t\t<div class=\"has_eae_slider elementor-element elementor-element-b5ff98d e-con-full e-flex e-con e-child\" data-eae-slider=\"48591\" data-id=\"b5ff98d\" data-element_type=\"container\">\n\t\t\t\t<div class=\"elementor-element elementor-element-5266997 elementor-view-default elementor-widget elementor-widget-icon\" data-id=\"5266997\" data-element_type=\"widget\" data-widget_type=\"icon.default\">\n\t\t\t\t<div class=\"elementor-widget-container\">\n\t\t\t\t\t\t\t<div class=\"elementor-icon-wrapper\">\n\t\t\t<div class=\"elementor-icon\">\n\t\t\t<i aria-hidden=\"true\" class=\"fas fa-fill-drip\"><\/i>\t\t\t<\/div>\n\t\t<\/div>\n\t\t\t\t\t\t<\/div>\n\t\t\t\t<\/div>\n\t\t\t\t<div class=\"elementor-element elementor-element-fc170af elementor-widget elementor-widget-text-editor\" data-id=\"fc170af\" data-element_type=\"widget\" data-widget_type=\"text-editor.default\">\n\t\t\t\t<div class=\"elementor-widget-container\">\n\t\t\t\t\t\t\t\t\t<p>Limpieza de ventanas, cristales y fachadas<\/p>\t\t\t\t\t\t\t\t<\/div>\n\t\t\t\t<\/div>\n\t\t\t\t<\/div>\n\t\t<div class=\"has_eae_slider elementor-element elementor-element-c2d23e3 e-con-full e-flex e-con e-child\" data-eae-slider=\"15655\" data-id=\"c2d23e3\" data-element_type=\"container\">\n\t\t\t\t<div class=\"elementor-element elementor-element-6eab357 elementor-view-default elementor-widget elementor-widget-icon\" data-id=\"6eab357\" data-element_type=\"widget\" data-widget_type=\"icon.default\">\n\t\t\t\t<div class=\"elementor-widget-container\">\n\t\t\t\t\t\t\t<div class=\"elementor-icon-wrapper\">\n\t\t\t<div class=\"elementor-icon\">\n\t\t\t<i aria-hidden=\"true\" class=\"fas fa-broom\"><\/i>\t\t\t<\/div>\n\t\t<\/div>\n\t\t\t\t\t\t<\/div>\n\t\t\t\t<\/div>\n\t\t\t\t<div class=\"elementor-element elementor-element-197b2fc elementor-widget elementor-widget-text-editor\" data-id=\"197b2fc\" data-element_type=\"widget\" data-widget_type=\"text-editor.default\">\n\t\t\t\t<div class=\"elementor-widget-container\">\n\t\t\t\t\t\t\t\t\t<p style=\"text-align: center;\">Cuidado especializado de suelos industriales<\/p>\t\t\t\t\t\t\t\t<\/div>\n\t\t\t\t<\/div>\n\t\t\t\t<\/div>\n\t\t<div class=\"has_eae_slider elementor-element elementor-element-ba7367c e-con-full e-flex e-con e-child\" data-eae-slider=\"44195\" data-id=\"ba7367c\" data-element_type=\"container\">\n\t\t\t\t<div class=\"elementor-element elementor-element-1bff09c elementor-view-default elementor-widget elementor-widget-icon\" data-id=\"1bff09c\" data-element_type=\"widget\" data-widget_type=\"icon.default\">\n\t\t\t\t<div class=\"elementor-widget-container\">\n\t\t\t\t\t\t\t<div class=\"elementor-icon-wrapper\">\n\t\t\t<div class=\"elementor-icon\">\n\t\t\t<i aria-hidden=\"true\" class=\"fas fa-spray-can\"><\/i>\t\t\t<\/div>\n\t\t<\/div>\n\t\t\t\t\t\t<\/div>\n\t\t\t\t<\/div>\n\t\t\t\t<div class=\"elementor-element elementor-element-a8aaba9 elementor-widget elementor-widget-text-editor\" data-id=\"a8aaba9\" data-element_type=\"widget\" data-widget_type=\"text-editor.default\">\n\t\t\t\t<div class=\"elementor-widget-container\">\n\t\t\t\t\t\t\t\t\t<p style=\"text-align: center;\">Desinfecci\u00f3n de superficies y zonas comunes<\/p>\t\t\t\t\t\t\t\t<\/div>\n\t\t\t\t<\/div>\n\t\t\t\t<\/div>\n\t\t\t\t\t<\/div>\n\t\t\t\t<\/div>\n\t\t<div class=\"has_eae_slider elementor-element elementor-element-5ba0f0d e-flex e-con-boxed e-con e-parent\" data-eae-slider=\"87003\" data-id=\"5ba0f0d\" data-element_type=\"container\">\n\t\t\t\t\t<div class=\"e-con-inner\">\n\t\t\t\t<div class=\"elementor-element elementor-element-55899a8 elementor-widget elementor-widget-text-editor\" data-id=\"55899a8\" data-element_type=\"widget\" data-widget_type=\"text-editor.default\">\n\t\t\t\t<div class=\"elementor-widget-container\">\n\t\t\t\t\t\t\t\t\t<p>Nuestras prioridades son: <b>seguridad, eficacia e higiene<\/b> en cada <b>nave industrial y oficina<\/b>. Cada <b>plan de limpieza<\/b> Nos adaptamos a las necesidades individuales de nuestros clientes, garantizando plena flexibilidad y comodidad en nuestra cooperaci\u00f3n.<\/p><p><b>P\u00f3ngase en contacto con nosotros para obtener una gama completa de servicios de limpieza profesional para su empresa.<\/b><\/p>\t\t\t\t\t\t\t\t<\/div>\n\t\t\t\t<\/div>\n\t\t\t\t\t<\/div>\n\t\t\t\t<\/div>\n\t\t\t\t<\/div>","protected":false},"excerpt":{"rendered":"<p>Profesjonalne us\u0142ugi sprz\u0105taj\u0105ce dla przemys\u0142u i biur Nasza firma specjalizuje si\u0119 w \u015bwiadczeniu profesjonalnych us\u0142ug sprz\u0105taj\u0105cych dla przemys\u0142u i biur. Zapewniamy kompleksowe utrzymanie czysto\u015bci, wykorzystuj\u0105c nowoczesne technologie, przeszkolony personel oraz specjalistyczne \u015brodki czysto\u015bci. Gwarantujemy najwy\u017csze standardy higieny, dostosowane do specyfiki zar\u00f3wno przestrzeni przemys\u0142owych, jak i biurowych. Kompleksowe us\u0142ugi sprz\u0105taj\u0105ce dla firm: Codzienne i okresowe sprz\u0105tanie [&hellip;]<\/p>","protected":false},"author":2,"featured_media":3086,"parent":0,"menu_order":0,"comment_status":"closed","ping_status":"closed","template":"","meta":{"_acf_changed":false,"footnotes":""},"class_list":["post-3083","page","type-page","status-publish","has-post-thumbnail","hentry"],"acf":[],"yoast_head":"<!-- This site is optimized with the Yoast SEO plugin v26.7 - https:\/\/yoast.com\/wordpress\/plugins\/seo\/ -->\n<title>Us\u0142ugi Sprz\u0105taj\u0105ce dla Firm | Biura i Przemys\u0142 | JobSpot<\/title>\n<meta name=\"description\" content=\"Jeste\u015bmy ekspertami od sprz\u0105tania. Zapewniamy profesjonalne us\u0142ugi porz\u0105dkowe w biurach i zak\u0142adach przemys\u0142owych. Skontaktuj si\u0119 z nami!\" \/>\n<meta name=\"robots\" content=\"index, follow, max-snippet:-1, max-image-preview:large, max-video-preview:-1\" \/>\n<link rel=\"canonical\" href=\"https:\/\/jobspot.agency\/es\/servicios-de-limpieza-para-empresas\/\" \/>\n<meta property=\"og:locale\" content=\"es_ES\" \/>\n<meta property=\"og:type\" content=\"article\" \/>\n<meta property=\"og:title\" content=\"Us\u0142ugi Sprz\u0105taj\u0105ce dla Firm | Biura i Przemys\u0142 | JobSpot\" \/>\n<meta property=\"og:description\" content=\"Jeste\u015bmy ekspertami od sprz\u0105tania. Zapewniamy profesjonalne us\u0142ugi porz\u0105dkowe w biurach i zak\u0142adach przemys\u0142owych. Skontaktuj si\u0119 z nami!\" \/>\n<meta property=\"og:url\" content=\"https:\/\/jobspot.agency\/es\/servicios-de-limpieza-para-empresas\/\" \/>\n<meta property=\"og:site_name\" content=\"JobSpot\" \/>\n<meta property=\"article:publisher\" content=\"https:\/\/www.facebook.com\/jobspot.work\" \/>\n<meta property=\"article:modified_time\" content=\"2025-09-09T08:54:56+00:00\" \/>\n<meta property=\"og:image\" content=\"https:\/\/jobspot.agency\/wp-content\/uploads\/2025\/03\/Projekt-bez-nazwy6-1024x1024.png\" \/>\n\t<meta property=\"og:image:width\" content=\"1024\" \/>\n\t<meta property=\"og:image:height\" content=\"1024\" \/>\n\t<meta property=\"og:image:type\" content=\"image\/png\" \/>\n<meta name=\"twitter:card\" content=\"summary_large_image\" \/>\n<meta name=\"twitter:label1\" content=\"Tiempo de lectura\" \/>\n\t<meta name=\"twitter:data1\" content=\"2 minutos\" \/>\n<script type=\"application\/ld+json\" class=\"yoast-schema-graph\">{\"@context\":\"https:\/\/schema.org\",\"@graph\":[{\"@type\":\"WebPage\",\"@id\":\"https:\/\/jobspot.agency\/uslugi-sprzatajace-dla-firm\/\",\"url\":\"https:\/\/jobspot.agency\/uslugi-sprzatajace-dla-firm\/\",\"name\":\"Us\u0142ugi Sprz\u0105taj\u0105ce dla Firm | Biura i Przemys\u0142 | JobSpot\",\"isPartOf\":{\"@id\":\"http:\/\/jobspot.agency\/#website\"},\"primaryImageOfPage\":{\"@id\":\"https:\/\/jobspot.agency\/uslugi-sprzatajace-dla-firm\/#primaryimage\"},\"image\":{\"@id\":\"https:\/\/jobspot.agency\/uslugi-sprzatajace-dla-firm\/#primaryimage\"},\"thumbnailUrl\":\"https:\/\/jobspot.agency\/wp-content\/uploads\/2025\/03\/Projekt-bez-nazwy6.png\",\"datePublished\":\"2025-03-11T20:37:11+00:00\",\"dateModified\":\"2025-09-09T08:54:56+00:00\",\"description\":\"Jeste\u015bmy ekspertami od sprz\u0105tania. Zapewniamy profesjonalne us\u0142ugi porz\u0105dkowe w biurach i zak\u0142adach przemys\u0142owych. Skontaktuj si\u0119 z nami!\",\"breadcrumb\":{\"@id\":\"https:\/\/jobspot.agency\/uslugi-sprzatajace-dla-firm\/#breadcrumb\"},\"inLanguage\":\"es\",\"potentialAction\":[{\"@type\":\"ReadAction\",\"target\":[\"https:\/\/jobspot.agency\/uslugi-sprzatajace-dla-firm\/\"]}]},{\"@type\":\"ImageObject\",\"inLanguage\":\"es\",\"@id\":\"https:\/\/jobspot.agency\/uslugi-sprzatajace-dla-firm\/#primaryimage\",\"url\":\"https:\/\/jobspot.agency\/wp-content\/uploads\/2025\/03\/Projekt-bez-nazwy6.png\",\"contentUrl\":\"https:\/\/jobspot.agency\/wp-content\/uploads\/2025\/03\/Projekt-bez-nazwy6.png\",\"width\":1875,\"height\":1875,\"caption\":\"Profesjonalny zesp\u00f3\u0142 \u015bwiadcz\u0105cy us\u0142ugi sprz\u0105taj\u0105ce w biurach i zak\u0142adach przemys\u0142owych.\"},{\"@type\":\"BreadcrumbList\",\"@id\":\"https:\/\/jobspot.agency\/uslugi-sprzatajace-dla-firm\/#breadcrumb\",\"itemListElement\":[{\"@type\":\"ListItem\",\"position\":1,\"name\":\"Strona g\u0142\u00f3wna\",\"item\":\"https:\/\/jobspot.agency\/\"},{\"@type\":\"ListItem\",\"position\":2,\"name\":\"Profesjonalne Us\u0142ugi Sprz\u0105taj\u0105ce dla Przemys\u0142u i Biur\"}]},{\"@type\":\"WebSite\",\"@id\":\"http:\/\/jobspot.agency\/#website\",\"url\":\"http:\/\/jobspot.agency\/\",\"name\":\"JobSpot\",\"description\":\"\",\"publisher\":{\"@id\":\"http:\/\/jobspot.agency\/#organization\"},\"potentialAction\":[{\"@type\":\"SearchAction\",\"target\":{\"@type\":\"EntryPoint\",\"urlTemplate\":\"http:\/\/jobspot.agency\/?s={search_term_string}\"},\"query-input\":{\"@type\":\"PropertyValueSpecification\",\"valueRequired\":true,\"valueName\":\"search_term_string\"}}],\"inLanguage\":\"es\"},{\"@type\":\"Organization\",\"@id\":\"http:\/\/jobspot.agency\/#organization\",\"name\":\"JobSpot Agency\",\"url\":\"http:\/\/jobspot.agency\/\",\"logo\":{\"@type\":\"ImageObject\",\"inLanguage\":\"es\",\"@id\":\"http:\/\/jobspot.agency\/#\/schema\/logo\/image\/\",\"url\":\"https:\/\/jobspot.agency\/wp-content\/uploads\/2021\/08\/cropped-favicon.png\",\"contentUrl\":\"https:\/\/jobspot.agency\/wp-content\/uploads\/2021\/08\/cropped-favicon.png\",\"width\":512,\"height\":512,\"caption\":\"JobSpot Agency\"},\"image\":{\"@id\":\"http:\/\/jobspot.agency\/#\/schema\/logo\/image\/\"},\"sameAs\":[\"https:\/\/www.facebook.com\/jobspot.work\"]}]}<\/script>\n<!-- \/ Yoast SEO plugin. -->","yoast_head_json":{"title":"Servicios de Limpieza para Empresas | Oficinas e Industria | JobSpot","description":"Somos expertos en limpieza. Prestamos servicios profesionales de limpieza en oficinas y plantas industriales. \u00a1P\u00f3ngase en contacto con nosotros!","robots":{"index":"index","follow":"follow","max-snippet":"max-snippet:-1","max-image-preview":"max-image-preview:large","max-video-preview":"max-video-preview:-1"},"canonical":"https:\/\/jobspot.agency\/es\/servicios-de-limpieza-para-empresas\/","og_locale":"es_ES","og_type":"article","og_title":"Us\u0142ugi Sprz\u0105taj\u0105ce dla Firm | Biura i Przemys\u0142 | JobSpot","og_description":"Jeste\u015bmy ekspertami od sprz\u0105tania. Zapewniamy profesjonalne us\u0142ugi porz\u0105dkowe w biurach i zak\u0142adach przemys\u0142owych. Skontaktuj si\u0119 z nami!","og_url":"https:\/\/jobspot.agency\/es\/servicios-de-limpieza-para-empresas\/","og_site_name":"JobSpot","article_publisher":"https:\/\/www.facebook.com\/jobspot.work","article_modified_time":"2025-09-09T08:54:56+00:00","og_image":[{"width":1024,"height":1024,"url":"https:\/\/jobspot.agency\/wp-content\/uploads\/2025\/03\/Projekt-bez-nazwy6-1024x1024.png","type":"image\/png"}],"twitter_card":"summary_large_image","twitter_misc":{"Tiempo de lectura":"2 minutos"},"schema":{"@context":"https:\/\/schema.org","@graph":[{"@type":"WebPage","@id":"https:\/\/jobspot.agency\/uslugi-sprzatajace-dla-firm\/","url":"https:\/\/jobspot.agency\/uslugi-sprzatajace-dla-firm\/","name":"Servicios de Limpieza para Empresas | Oficinas e Industria | JobSpot","isPartOf":{"@id":"http:\/\/jobspot.agency\/#website"},"primaryImageOfPage":{"@id":"https:\/\/jobspot.agency\/uslugi-sprzatajace-dla-firm\/#primaryimage"},"image":{"@id":"https:\/\/jobspot.agency\/uslugi-sprzatajace-dla-firm\/#primaryimage"},"thumbnailUrl":"https:\/\/jobspot.agency\/wp-content\/uploads\/2025\/03\/Projekt-bez-nazwy6.png","datePublished":"2025-03-11T20:37:11+00:00","dateModified":"2025-09-09T08:54:56+00:00","description":"Somos expertos en limpieza. Prestamos servicios profesionales de limpieza en oficinas y plantas industriales. \u00a1P\u00f3ngase en contacto con nosotros!","breadcrumb":{"@id":"https:\/\/jobspot.agency\/uslugi-sprzatajace-dla-firm\/#breadcrumb"},"inLanguage":"es","potentialAction":[{"@type":"ReadAction","target":["https:\/\/jobspot.agency\/uslugi-sprzatajace-dla-firm\/"]}]},{"@type":"ImageObject","inLanguage":"es","@id":"https:\/\/jobspot.agency\/uslugi-sprzatajace-dla-firm\/#primaryimage","url":"https:\/\/jobspot.agency\/wp-content\/uploads\/2025\/03\/Projekt-bez-nazwy6.png","contentUrl":"https:\/\/jobspot.agency\/wp-content\/uploads\/2025\/03\/Projekt-bez-nazwy6.png","width":1875,"height":1875,"caption":"Profesjonalny zesp\u00f3\u0142 \u015bwiadcz\u0105cy us\u0142ugi sprz\u0105taj\u0105ce w biurach i zak\u0142adach przemys\u0142owych."},{"@type":"BreadcrumbList","@id":"https:\/\/jobspot.agency\/uslugi-sprzatajace-dla-firm\/#breadcrumb","itemListElement":[{"@type":"ListItem","position":1,"name":"Strona g\u0142\u00f3wna","item":"https:\/\/jobspot.agency\/"},{"@type":"ListItem","position":2,"name":"Profesjonalne Us\u0142ugi Sprz\u0105taj\u0105ce dla Przemys\u0142u i Biur"}]},{"@type":"WebSite","@id":"http:\/\/jobspot.agency\/#website","url":"http:\/\/jobspot.agency\/","name":"JobSpot","description":"","publisher":{"@id":"http:\/\/jobspot.agency\/#organization"},"potentialAction":[{"@type":"SearchAction","target":{"@type":"EntryPoint","urlTemplate":"http:\/\/jobspot.agency\/?s={search_term_string}"},"query-input":{"@type":"PropertyValueSpecification","valueRequired":true,"valueName":"search_term_string"}}],"inLanguage":"es"},{"@type":"Organization","@id":"http:\/\/jobspot.agency\/#organization","name":"Agencia JobSpot","url":"http:\/\/jobspot.agency\/","logo":{"@type":"ImageObject","inLanguage":"es","@id":"http:\/\/jobspot.agency\/#\/schema\/logo\/image\/","url":"https:\/\/jobspot.agency\/wp-content\/uploads\/2021\/08\/cropped-favicon.png","contentUrl":"https:\/\/jobspot.agency\/wp-content\/uploads\/2021\/08\/cropped-favicon.png","width":512,"height":512,"caption":"JobSpot Agency"},"image":{"@id":"http:\/\/jobspot.agency\/#\/schema\/logo\/image\/"},"sameAs":["https:\/\/www.facebook.com\/jobspot.work"]}]}},"rttpg_featured_image_url":{"full":["https:\/\/jobspot.agency\/wp-content\/uploads\/2025\/03\/Projekt-bez-nazwy6.png",1875,1875,false],"landscape":["https:\/\/jobspot.agency\/wp-content\/uploads\/2025\/03\/Projekt-bez-nazwy6.png",1875,1875,false],"portraits":["https:\/\/jobspot.agency\/wp-content\/uploads\/2025\/03\/Projekt-bez-nazwy6.png",1875,1875,false],"thumbnail":["https:\/\/jobspot.agency\/wp-content\/uploads\/2025\/03\/Projekt-bez-nazwy6-150x150.png",150,150,true],"medium":["https:\/\/jobspot.agency\/wp-content\/uploads\/2025\/03\/Projekt-bez-nazwy6-300x300.png",300,300,true],"large":["https:\/\/jobspot.agency\/wp-content\/uploads\/2025\/03\/Projekt-bez-nazwy6-1024x1024.png",1024,1024,true],"1536x1536":["https:\/\/jobspot.agency\/wp-content\/uploads\/2025\/03\/Projekt-bez-nazwy6-1536x1536.png",1536,1536,true],"2048x2048":["https:\/\/jobspot.agency\/wp-content\/uploads\/2025\/03\/Projekt-bez-nazwy6.png",1875,1875,false],"trp-custom-language-flag":["https:\/\/jobspot.agency\/wp-content\/uploads\/2025\/03\/Projekt-bez-nazwy6-12x12.png",12,12,true]},"rttpg_author":{"display_name":"Jobspot","author_link":"https:\/\/jobspot.agency\/es\/author\/admin2\/"},"rttpg_comment":0,"rttpg_category":null,"rttpg_excerpt":"Profesjonalne us\u0142ugi sprz\u0105taj\u0105ce dla przemys\u0142u i biur Nasza firma specjalizuje si\u0119 w \u015bwiadczeniu profesjonalnych us\u0142ug sprz\u0105taj\u0105cych dla przemys\u0142u i biur. Zapewniamy kompleksowe utrzymanie czysto\u015bci, wykorzystuj\u0105c nowoczesne technologie, przeszkolony personel oraz specjalistyczne \u015brodki czysto\u015bci. Gwarantujemy najwy\u017csze standardy higieny, dostosowane do specyfiki zar\u00f3wno przestrzeni przemys\u0142owych, jak i biurowych. Kompleksowe us\u0142ugi sprz\u0105taj\u0105ce dla firm: Codzienne i okresowe sprz\u0105tanie&hellip;","_links":{"self":[{"href":"https:\/\/jobspot.agency\/es\/wp-json\/wp\/v2\/pages\/3083","targetHints":{"allow":["GET"]}}],"collection":[{"href":"https:\/\/jobspot.agency\/es\/wp-json\/wp\/v2\/pages"}],"about":[{"href":"https:\/\/jobspot.agency\/es\/wp-json\/wp\/v2\/types\/page"}],"author":[{"embeddable":true,"href":"https:\/\/jobspot.agency\/es\/wp-json\/wp\/v2\/users\/2"}],"replies":[{"embeddable":true,"href":"https:\/\/jobspot.agency\/es\/wp-json\/wp\/v2\/comments?post=3083"}],"version-history":[{"count":0,"href":"https:\/\/jobspot.agency\/es\/wp-json\/wp\/v2\/pages\/3083\/revisions"}],"wp:featuredmedia":[{"embeddable":true,"href":"https:\/\/jobspot.agency\/es\/wp-json\/wp\/v2\/media\/3086"}],"wp:attachment":[{"href":"https:\/\/jobspot.agency\/es\/wp-json\/wp\/v2\/media?parent=3083"}],"curies":[{"name":"wp","href":"https:\/\/api.w.org\/{rel}","templated":true}]}}