{"id":3438,"date":"2025-04-03T17:06:25","date_gmt":"2025-04-03T15:06:25","guid":{"rendered":"https:\/\/jobspot.agency\/?page_id=3438"},"modified":"2025-09-09T10:39:42","modified_gmt":"2025-09-09T08:39:42","slug":"process-outsourcing","status":"publish","type":"page","link":"https:\/\/jobspot.agency\/en\/process-outsourcing\/","title":{"rendered":"Process outsourcing"},"content":{"rendered":"<div data-elementor-type=\"wp-page\" data-elementor-id=\"3438\" class=\"elementor elementor-3438\" data-elementor-post-type=\"page\">\n\t\t\t\t<div class=\"has_eae_slider elementor-element elementor-element-c85e9bb e-flex e-con-boxed e-con e-parent\" data-eae-slider=\"40153\" data-id=\"c85e9bb\" data-element_type=\"container\">\n\t\t\t\t\t<div class=\"e-con-inner\">\n\t\t<div class=\"has_eae_slider elementor-element elementor-element-bdc6935 e-con-full e-flex e-con e-child\" data-eae-slider=\"68823\" data-id=\"bdc6935\" data-element_type=\"container\">\n\t\t\t\t<div class=\"elementor-element elementor-element-2708fab elementor-widget elementor-widget-image\" data-id=\"2708fab\" data-element_type=\"widget\" data-widget_type=\"image.default\">\n\t\t\t\t<div class=\"elementor-widget-container\">\n\t\t\t\t\t\t\t\t\t\t\t\t\t\t\t<img fetchpriority=\"high\" decoding=\"async\" width=\"1024\" height=\"1024\" src=\"https:\/\/jobspot.agency\/wp-content\/uploads\/2025\/04\/Projekt-bez-nazwy12-1024x1024.png\" class=\"attachment-large size-large wp-image-3445\" alt=\"Illustration of delegation and process outsourcing using simplified schematic figures and arrows.\" srcset=\"https:\/\/jobspot.agency\/wp-content\/uploads\/2025\/04\/Projekt-bez-nazwy12-1024x1024.png 1024w, https:\/\/jobspot.agency\/wp-content\/uploads\/2025\/04\/Projekt-bez-nazwy12-300x300.png 300w, https:\/\/jobspot.agency\/wp-content\/uploads\/2025\/04\/Projekt-bez-nazwy12-150x150.png 150w, https:\/\/jobspot.agency\/wp-content\/uploads\/2025\/04\/Projekt-bez-nazwy12-768x768.png 768w, https:\/\/jobspot.agency\/wp-content\/uploads\/2025\/04\/Projekt-bez-nazwy12-12x12.png 12w, https:\/\/jobspot.agency\/wp-content\/uploads\/2025\/04\/Projekt-bez-nazwy12.png 1080w\" sizes=\"(max-width: 1024px) 100vw, 1024px\" \/>\t\t\t\t\t\t\t\t\t\t\t\t\t\t\t<\/div>\n\t\t\t\t<\/div>\n\t\t\t\t<\/div>\n\t\t<div class=\"has_eae_slider elementor-element elementor-element-7480c4f e-con-full e-flex e-con e-child\" data-eae-slider=\"54024\" data-id=\"7480c4f\" data-element_type=\"container\">\n\t\t\t\t<div class=\"elementor-element elementor-element-8e6d7e4 elementor-widget elementor-widget-heading\" data-id=\"8e6d7e4\" data-element_type=\"widget\" data-widget_type=\"heading.default\">\n\t\t\t\t<div class=\"elementor-widget-container\">\n\t\t\t\t\t<h1 class=\"elementor-heading-title elementor-size-default\">Process outsourcing - effective support for your business<\/h1>\t\t\t\t<\/div>\n\t\t\t\t<\/div>\n\t\t\t\t<div class=\"elementor-element elementor-element-c2da33f elementor-widget elementor-widget-text-editor\" data-id=\"c2da33f\" data-element_type=\"widget\" data-widget_type=\"text-editor.default\">\n\t\t\t\t<div class=\"elementor-widget-container\">\n\t\t\t\t\t\t\t\t\t<p class=\"translation-block\">We understand how crucial efficient process management is to a company\u2019s success and how important it is to focus on strategic tasks. Process outsourcing is a modern solution that helps reduce costs, increase operational efficiency, and free up resources that you can allocate to your company\u2019s growth.<\/p><p class=\"translation-block\">Our experience allows us to take full responsibility for managing entire business processes, tailored to the specifics of your industry. We handle process management and optimization comprehensively, so your company avoids organizational and administrative burdens.<\/p><p class=\"translation-block\">Choose process outsourcing and focus on what really matters \u2014 building a competitive advantage and growing your business!<\/p>\t\t\t\t\t\t\t\t<\/div>\n\t\t\t\t<\/div>\n\t\t\t\t<\/div>\n\t\t\t\t\t<\/div>\n\t\t\t\t<\/div>\n\t\t<div class=\"has_eae_slider elementor-element elementor-element-ed7e9df e-flex e-con-boxed e-con e-parent\" data-eae-slider=\"31846\" data-id=\"ed7e9df\" data-element_type=\"container\">\n\t\t\t\t\t<div class=\"e-con-inner\">\n\t\t\t\t<div class=\"elementor-element elementor-element-e7443c3 elementor-widget elementor-widget-spacer\" data-id=\"e7443c3\" data-element_type=\"widget\" data-widget_type=\"spacer.default\">\n\t\t\t\t<div class=\"elementor-widget-container\">\n\t\t\t\t\t\t\t<div class=\"elementor-spacer\">\n\t\t\t<div class=\"elementor-spacer-inner\"><\/div>\n\t\t<\/div>\n\t\t\t\t\t\t<\/div>\n\t\t\t\t<\/div>\n\t\t\t\t<div class=\"elementor-element elementor-element-086cc9d elementor-widget elementor-widget-heading\" data-id=\"086cc9d\" data-element_type=\"widget\" data-widget_type=\"heading.default\">\n\t\t\t\t<div class=\"elementor-widget-container\">\n\t\t\t\t\t<h2 class=\"elementor-heading-title elementor-size-default\">Increase your company\u2019s efficiency with Jobspot.<\/h2>\t\t\t\t<\/div>\n\t\t\t\t<\/div>\n\t\t\t\t<div class=\"elementor-element elementor-element-096e98c elementor-widget elementor-widget-text-editor\" data-id=\"096e98c\" data-element_type=\"widget\" data-widget_type=\"text-editor.default\">\n\t\t\t\t<div class=\"elementor-widget-container\">\n\t\t\t\t\t\t\t\t\t<p style=\"text-align: center;\">Would you like to improve your company\u2019s operations? Discover how working with us looks in practice.<\/p><p style=\"text-align: center;\" class=\"translation-block\">Working with us is an effective way to optimize business processes and achieve real reductions in operating costs. Process outsourcing enables you to fully concentrate on your core activities, while we take over the comprehensive management of the entrusted tasks. With us, you gain:<\/p>\t\t\t\t\t\t\t\t<\/div>\n\t\t\t\t<\/div>\n\t\t\t\t<div class=\"elementor-element elementor-element-0947ca6 elementor-widget elementor-widget-html\" data-id=\"0947ca6\" data-element_type=\"widget\" data-widget_type=\"html.default\">\n\t\t\t\t<div class=\"elementor-widget-container\">\n\t\t\t\t\t<div class=\"stepper-wrapper\">\n      <div class=\"stepper-item completed\">\n        <div class=\"step-counter\">1<\/div>\n        <div class=\"step-name\">Comprehensive management of outsourced business processes<\/div>\n      <\/div>\n      <div class=\"stepper-item completed\">\n        <div class=\"step-counter\">2<\/div>\n        <div class=\"step-name\">Reduction of operating costs<\/div>\n      <\/div>\n      <div class=\"stepper-item\">\n        <div class=\"step-counter\">3<\/div>\n        <div class=\"step-name\">Access to proven process management methods<\/div>\n      <\/div>\n      <div class=\"stepper-item\">\n        <div class=\"step-counter\">4<\/div>\n        <div class=\"step-name\">Optimisation of the efficiency and quality of the activities carried out<\/div>\n      <\/div>\n    <div class=\"stepper-item\">\n        <div class=\"step-counter\">5<\/div>\n        <div class=\"step-name\">Saving time and internal resources<\/div>\n      <\/div>\n    \n      <\/div>\n    <\/div>\t\t\t\t<\/div>\n\t\t\t\t<\/div>\n\t\t\t\t\t<\/div>\n\t\t\t\t<\/div>\n\t\t\t\t<\/div>","protected":false},"excerpt":{"rendered":"<p>Outsourcing procesowy \u2013 skuteczne wsparcie dla Twojego biznesu Rozumiemy, jak kluczowe dla sukcesu firmy jest sprawne zarz\u0105dzanie procesami i jak wa\u017cne jest skupienie si\u0119 na zadaniach strategicznych. Outsourcing procesowy to nowoczesne rozwi\u0105zanie, kt\u00f3re pozwala obni\u017cy\u0107 koszty, zwi\u0119kszy\u0107 efektywno\u015b\u0107 operacyjn\u0105 i uwolni\u0107 zasoby, kt\u00f3re mo\u017cesz przeznaczy\u0107 na rozw\u00f3j firmy. Nasze do\u015bwiadczenie pozwala nam wzi\u0105\u0107 pe\u0142n\u0105 odpowiedzialno\u015b\u0107 [&hellip;]<\/p>","protected":false},"author":2,"featured_media":3445,"parent":0,"menu_order":0,"comment_status":"closed","ping_status":"closed","template":"","meta":{"_acf_changed":false,"footnotes":""},"class_list":["post-3438","page","type-page","status-publish","has-post-thumbnail","hentry"],"acf":[],"yoast_head":"<!-- This site is optimized with the Yoast SEO plugin v26.7 - https:\/\/yoast.com\/wordpress\/plugins\/seo\/ -->\n<title>Outsourcing procesowy \u2013 skuteczne wsparcie dla Twojej firmy | JobSpot<\/title>\n<meta name=\"description\" content=\"Jobspot oferuje outsourcing procesowy, kt\u00f3ry obni\u017cy koszty i zwi\u0119kszy efektywno\u015b\u0107 firmy. Skup si\u0119 na rozwoju, reszt\u0119 zostaw nam.\" \/>\n<meta name=\"robots\" content=\"index, follow, max-snippet:-1, max-image-preview:large, max-video-preview:-1\" \/>\n<link rel=\"canonical\" href=\"https:\/\/jobspot.agency\/en\/process-outsourcing\/\" \/>\n<meta property=\"og:locale\" content=\"en_GB\" \/>\n<meta property=\"og:type\" content=\"article\" \/>\n<meta property=\"og:title\" content=\"Outsourcing procesowy \u2013 skuteczne wsparcie dla Twojej firmy | JobSpot\" \/>\n<meta property=\"og:description\" content=\"Jobspot oferuje outsourcing procesowy, kt\u00f3ry obni\u017cy koszty i zwi\u0119kszy efektywno\u015b\u0107 firmy. Skup si\u0119 na rozwoju, reszt\u0119 zostaw nam.\" \/>\n<meta property=\"og:url\" content=\"https:\/\/jobspot.agency\/en\/process-outsourcing\/\" \/>\n<meta property=\"og:site_name\" content=\"JobSpot\" \/>\n<meta property=\"article:publisher\" content=\"https:\/\/www.facebook.com\/jobspot.work\" \/>\n<meta property=\"article:modified_time\" content=\"2025-09-09T08:39:42+00:00\" \/>\n<meta property=\"og:image\" content=\"https:\/\/jobspot.agency\/wp-content\/uploads\/2025\/04\/Projekt-bez-nazwy12.png\" \/>\n\t<meta property=\"og:image:width\" content=\"1080\" \/>\n\t<meta property=\"og:image:height\" content=\"1080\" \/>\n\t<meta property=\"og:image:type\" content=\"image\/png\" \/>\n<meta name=\"twitter:card\" content=\"summary_large_image\" \/>\n<meta name=\"twitter:label1\" content=\"Estimated reading time\" \/>\n\t<meta name=\"twitter:data1\" content=\"2 minutes\" \/>\n<script type=\"application\/ld+json\" class=\"yoast-schema-graph\">{\"@context\":\"https:\/\/schema.org\",\"@graph\":[{\"@type\":\"WebPage\",\"@id\":\"https:\/\/jobspot.agency\/outsourcing-procesowy\/\",\"url\":\"https:\/\/jobspot.agency\/outsourcing-procesowy\/\",\"name\":\"Outsourcing procesowy \u2013 skuteczne wsparcie dla Twojej firmy | JobSpot\",\"isPartOf\":{\"@id\":\"http:\/\/jobspot.agency\/#website\"},\"primaryImageOfPage\":{\"@id\":\"https:\/\/jobspot.agency\/outsourcing-procesowy\/#primaryimage\"},\"image\":{\"@id\":\"https:\/\/jobspot.agency\/outsourcing-procesowy\/#primaryimage\"},\"thumbnailUrl\":\"https:\/\/jobspot.agency\/wp-content\/uploads\/2025\/04\/Projekt-bez-nazwy12.png\",\"datePublished\":\"2025-04-03T15:06:25+00:00\",\"dateModified\":\"2025-09-09T08:39:42+00:00\",\"description\":\"Jobspot oferuje outsourcing procesowy, kt\u00f3ry obni\u017cy koszty i zwi\u0119kszy efektywno\u015b\u0107 firmy. Skup si\u0119 na rozwoju, reszt\u0119 zostaw nam.\",\"breadcrumb\":{\"@id\":\"https:\/\/jobspot.agency\/outsourcing-procesowy\/#breadcrumb\"},\"inLanguage\":\"en-GB\",\"potentialAction\":[{\"@type\":\"ReadAction\",\"target\":[\"https:\/\/jobspot.agency\/outsourcing-procesowy\/\"]}]},{\"@type\":\"ImageObject\",\"inLanguage\":\"en-GB\",\"@id\":\"https:\/\/jobspot.agency\/outsourcing-procesowy\/#primaryimage\",\"url\":\"https:\/\/jobspot.agency\/wp-content\/uploads\/2025\/04\/Projekt-bez-nazwy12.png\",\"contentUrl\":\"https:\/\/jobspot.agency\/wp-content\/uploads\/2025\/04\/Projekt-bez-nazwy12.png\",\"width\":1080,\"height\":1080,\"caption\":\"Ilustracja przedstawiaj\u0105ca proces delegowania zada\u0144 i outsourcing procesowy za pomoc\u0105 uproszczonych schematycznych postaci i strza\u0142ek.\"},{\"@type\":\"BreadcrumbList\",\"@id\":\"https:\/\/jobspot.agency\/outsourcing-procesowy\/#breadcrumb\",\"itemListElement\":[{\"@type\":\"ListItem\",\"position\":1,\"name\":\"Strona g\u0142\u00f3wna\",\"item\":\"https:\/\/jobspot.agency\/\"},{\"@type\":\"ListItem\",\"position\":2,\"name\":\"Outsourcing procesowy\"}]},{\"@type\":\"WebSite\",\"@id\":\"http:\/\/jobspot.agency\/#website\",\"url\":\"http:\/\/jobspot.agency\/\",\"name\":\"JobSpot\",\"description\":\"\",\"publisher\":{\"@id\":\"http:\/\/jobspot.agency\/#organization\"},\"potentialAction\":[{\"@type\":\"SearchAction\",\"target\":{\"@type\":\"EntryPoint\",\"urlTemplate\":\"http:\/\/jobspot.agency\/?s={search_term_string}\"},\"query-input\":{\"@type\":\"PropertyValueSpecification\",\"valueRequired\":true,\"valueName\":\"search_term_string\"}}],\"inLanguage\":\"en-GB\"},{\"@type\":\"Organization\",\"@id\":\"http:\/\/jobspot.agency\/#organization\",\"name\":\"JobSpot Agency\",\"url\":\"http:\/\/jobspot.agency\/\",\"logo\":{\"@type\":\"ImageObject\",\"inLanguage\":\"en-GB\",\"@id\":\"http:\/\/jobspot.agency\/#\/schema\/logo\/image\/\",\"url\":\"https:\/\/jobspot.agency\/wp-content\/uploads\/2021\/08\/cropped-favicon.png\",\"contentUrl\":\"https:\/\/jobspot.agency\/wp-content\/uploads\/2021\/08\/cropped-favicon.png\",\"width\":512,\"height\":512,\"caption\":\"JobSpot Agency\"},\"image\":{\"@id\":\"http:\/\/jobspot.agency\/#\/schema\/logo\/image\/\"},\"sameAs\":[\"https:\/\/www.facebook.com\/jobspot.work\"]}]}<\/script>\n<!-- \/ Yoast SEO plugin. -->","yoast_head_json":{"title":"Process Outsourcing \u2013 Effective Support for Your Company | JobSpot","description":"Jobspot offers process outsourcing that reduces costs and increases your company\u2019s efficiency. Focus on growth and leave the rest to us.","robots":{"index":"index","follow":"follow","max-snippet":"max-snippet:-1","max-image-preview":"max-image-preview:large","max-video-preview":"max-video-preview:-1"},"canonical":"https:\/\/jobspot.agency\/en\/process-outsourcing\/","og_locale":"en_GB","og_type":"article","og_title":"Outsourcing procesowy \u2013 skuteczne wsparcie dla Twojej firmy | JobSpot","og_description":"Jobspot oferuje outsourcing procesowy, kt\u00f3ry obni\u017cy koszty i zwi\u0119kszy efektywno\u015b\u0107 firmy. Skup si\u0119 na rozwoju, reszt\u0119 zostaw nam.","og_url":"https:\/\/jobspot.agency\/en\/process-outsourcing\/","og_site_name":"JobSpot","article_publisher":"https:\/\/www.facebook.com\/jobspot.work","article_modified_time":"2025-09-09T08:39:42+00:00","og_image":[{"width":1080,"height":1080,"url":"https:\/\/jobspot.agency\/wp-content\/uploads\/2025\/04\/Projekt-bez-nazwy12.png","type":"image\/png"}],"twitter_card":"summary_large_image","twitter_misc":{"Estimated reading time":"2 minutes"},"schema":{"@context":"https:\/\/schema.org","@graph":[{"@type":"WebPage","@id":"https:\/\/jobspot.agency\/outsourcing-procesowy\/","url":"https:\/\/jobspot.agency\/outsourcing-procesowy\/","name":"Process Outsourcing \u2013 Effective Support for Your Company | JobSpot","isPartOf":{"@id":"http:\/\/jobspot.agency\/#website"},"primaryImageOfPage":{"@id":"https:\/\/jobspot.agency\/outsourcing-procesowy\/#primaryimage"},"image":{"@id":"https:\/\/jobspot.agency\/outsourcing-procesowy\/#primaryimage"},"thumbnailUrl":"https:\/\/jobspot.agency\/wp-content\/uploads\/2025\/04\/Projekt-bez-nazwy12.png","datePublished":"2025-04-03T15:06:25+00:00","dateModified":"2025-09-09T08:39:42+00:00","description":"Jobspot offers process outsourcing that reduces costs and increases your company\u2019s efficiency. Focus on growth and leave the rest to us.","breadcrumb":{"@id":"https:\/\/jobspot.agency\/outsourcing-procesowy\/#breadcrumb"},"inLanguage":"en-GB","potentialAction":[{"@type":"ReadAction","target":["https:\/\/jobspot.agency\/outsourcing-procesowy\/"]}]},{"@type":"ImageObject","inLanguage":"en-GB","@id":"https:\/\/jobspot.agency\/outsourcing-procesowy\/#primaryimage","url":"https:\/\/jobspot.agency\/wp-content\/uploads\/2025\/04\/Projekt-bez-nazwy12.png","contentUrl":"https:\/\/jobspot.agency\/wp-content\/uploads\/2025\/04\/Projekt-bez-nazwy12.png","width":1080,"height":1080,"caption":"Ilustracja przedstawiaj\u0105ca proces delegowania zada\u0144 i outsourcing procesowy za pomoc\u0105 uproszczonych schematycznych postaci i strza\u0142ek."},{"@type":"BreadcrumbList","@id":"https:\/\/jobspot.agency\/outsourcing-procesowy\/#breadcrumb","itemListElement":[{"@type":"ListItem","position":1,"name":"Strona g\u0142\u00f3wna","item":"https:\/\/jobspot.agency\/"},{"@type":"ListItem","position":2,"name":"Outsourcing procesowy"}]},{"@type":"WebSite","@id":"http:\/\/jobspot.agency\/#website","url":"http:\/\/jobspot.agency\/","name":"JobSpot","description":"","publisher":{"@id":"http:\/\/jobspot.agency\/#organization"},"potentialAction":[{"@type":"SearchAction","target":{"@type":"EntryPoint","urlTemplate":"http:\/\/jobspot.agency\/?s={search_term_string}"},"query-input":{"@type":"PropertyValueSpecification","valueRequired":true,"valueName":"search_term_string"}}],"inLanguage":"en-GB"},{"@type":"Organization","@id":"http:\/\/jobspot.agency\/#organization","name":"JobSpot Agency","url":"http:\/\/jobspot.agency\/","logo":{"@type":"ImageObject","inLanguage":"en-GB","@id":"http:\/\/jobspot.agency\/#\/schema\/logo\/image\/","url":"https:\/\/jobspot.agency\/wp-content\/uploads\/2021\/08\/cropped-favicon.png","contentUrl":"https:\/\/jobspot.agency\/wp-content\/uploads\/2021\/08\/cropped-favicon.png","width":512,"height":512,"caption":"JobSpot Agency"},"image":{"@id":"http:\/\/jobspot.agency\/#\/schema\/logo\/image\/"},"sameAs":["https:\/\/www.facebook.com\/jobspot.work"]}]}},"rttpg_featured_image_url":{"full":["https:\/\/jobspot.agency\/wp-content\/uploads\/2025\/04\/Projekt-bez-nazwy12.png",1080,1080,false],"landscape":["https:\/\/jobspot.agency\/wp-content\/uploads\/2025\/04\/Projekt-bez-nazwy12.png",1080,1080,false],"portraits":["https:\/\/jobspot.agency\/wp-content\/uploads\/2025\/04\/Projekt-bez-nazwy12.png",1080,1080,false],"thumbnail":["https:\/\/jobspot.agency\/wp-content\/uploads\/2025\/04\/Projekt-bez-nazwy12-150x150.png",150,150,true],"medium":["https:\/\/jobspot.agency\/wp-content\/uploads\/2025\/04\/Projekt-bez-nazwy12-300x300.png",300,300,true],"large":["https:\/\/jobspot.agency\/wp-content\/uploads\/2025\/04\/Projekt-bez-nazwy12-1024x1024.png",1024,1024,true],"1536x1536":["https:\/\/jobspot.agency\/wp-content\/uploads\/2025\/04\/Projekt-bez-nazwy12.png",1080,1080,false],"2048x2048":["https:\/\/jobspot.agency\/wp-content\/uploads\/2025\/04\/Projekt-bez-nazwy12.png",1080,1080,false],"trp-custom-language-flag":["https:\/\/jobspot.agency\/wp-content\/uploads\/2025\/04\/Projekt-bez-nazwy12-12x12.png",12,12,true]},"rttpg_author":{"display_name":"Jobspot","author_link":"https:\/\/jobspot.agency\/en\/author\/admin2\/"},"rttpg_comment":0,"rttpg_category":null,"rttpg_excerpt":"Outsourcing procesowy \u2013 skuteczne wsparcie dla Twojego biznesu Rozumiemy, jak kluczowe dla sukcesu firmy jest sprawne zarz\u0105dzanie procesami i jak wa\u017cne jest skupienie si\u0119 na zadaniach strategicznych. Outsourcing procesowy to nowoczesne rozwi\u0105zanie, kt\u00f3re pozwala obni\u017cy\u0107 koszty, zwi\u0119kszy\u0107 efektywno\u015b\u0107 operacyjn\u0105 i uwolni\u0107 zasoby, kt\u00f3re mo\u017cesz przeznaczy\u0107 na rozw\u00f3j firmy. Nasze do\u015bwiadczenie pozwala nam wzi\u0105\u0107 pe\u0142n\u0105 odpowiedzialno\u015b\u0107&hellip;","_links":{"self":[{"href":"https:\/\/jobspot.agency\/en\/wp-json\/wp\/v2\/pages\/3438","targetHints":{"allow":["GET"]}}],"collection":[{"href":"https:\/\/jobspot.agency\/en\/wp-json\/wp\/v2\/pages"}],"about":[{"href":"https:\/\/jobspot.agency\/en\/wp-json\/wp\/v2\/types\/page"}],"author":[{"embeddable":true,"href":"https:\/\/jobspot.agency\/en\/wp-json\/wp\/v2\/users\/2"}],"replies":[{"embeddable":true,"href":"https:\/\/jobspot.agency\/en\/wp-json\/wp\/v2\/comments?post=3438"}],"version-history":[{"count":0,"href":"https:\/\/jobspot.agency\/en\/wp-json\/wp\/v2\/pages\/3438\/revisions"}],"wp:featuredmedia":[{"embeddable":true,"href":"https:\/\/jobspot.agency\/en\/wp-json\/wp\/v2\/media\/3445"}],"wp:attachment":[{"href":"https:\/\/jobspot.agency\/en\/wp-json\/wp\/v2\/media?parent=3438"}],"curies":[{"name":"wp","href":"https:\/\/api.w.org\/{rel}","templated":true}]}}